{"id":3618,"date":"2019-03-20T13:53:57","date_gmt":"2019-03-20T12:53:57","guid":{"rendered":"https:\/\/www.portoverdehouseboat.it\/?page_id=3618"},"modified":"2026-01-15T13:58:34","modified_gmt":"2026-01-15T12:58:34","slug":"offres","status":"publish","type":"page","link":"https:\/\/www.portoverdehouseboat.it\/fr\/offres\/","title":{"rendered":"OFFRES"},"content":{"rendered":"<div class=\"wpb-content-wrapper\"><p>[vc_row][vc_column css=&#8221;.vc_custom_1543068395983{padding-top: 0px !important;}&#8221;][cms_space space_lg=&#8221;65&#8243; space_md=&#8221;65&#8243; space_sm=&#8221;45&#8243; space_xs=&#8221;30&#8243;][cms_blog_carousel img_size=&#8221;800&#215;541&#8243; col_xs=&#8221;1&#8243; col_sm=&#8221;2&#8243; col_md=&#8221;2&#8243; col_lg=&#8221;2&#8243; loop=&#8221;true&#8221; arrows=&#8221;true&#8221; bullets=&#8221;true&#8221; cms_template=&#8221;cms_blog_carousel&#8211;layout3.php&#8221;][\/vc_column][\/vc_row][vc_row full_width=&#8221;stretch_row&#8221;][vc_column css=&#8221;.vc_custom_1543068825323{padding-top: 0px !important;}&#8221;][cms_space space_lg=&#8221;50&#8243; space_md=&#8221;30&#8243; space_sm=&#8221;30&#8243; space_xs=&#8221;20&#8243;][cms_heading text=&#8221;DEMANDER DES INFORMATIONS&#8221; align_lg=&#8221;align-center&#8221; align_md=&#8221;align-center-md&#8221; align_sm=&#8221;align-center-sm&#8221; align_xs=&#8221;align-center-xs&#8221; font_size=&#8221;51px&#8221; font_size_md=&#8221;41px&#8221; font_size_sm=&#8221;30px&#8221; font_size_xs=&#8221;30px&#8221; line_height=&#8221;40px&#8221; line_height_md=&#8221;30px&#8221; line_height_sm=&#8221;20px&#8221; line_height_xs=&#8221;20px&#8221; text_transform=&#8221;uppercase&#8221; letter_spacing=&#8221;0.05em&#8221; text_color=&#8221;#c5a56a&#8221; sub_font_size=&#8221;25px&#8221; sub_color=&#8221;#000000&#8243; sub_text_transform=&#8221;uppercase&#8221; cms_template=&#8221;cms_heading.php&#8221; animation=&#8221;fadeInUp&#8221;][cms_space space_lg=&#8221;30&#8243; space_md=&#8221;30&#8243; space_sm=&#8221;30&#8243; space_xs=&#8221;20&#8243;][vc_column_text css=&#8221;&#8221;]<div class=\"forminator-ui forminator-custom-form forminator-custom-form-4623 forminator-design--default forminator-enclosed forminator_ajax\" data-forminator-render=\"0\" data-form=\"forminator-module-4623\" data-uid=\"69f9db11dc6ed\"><br\/><\/div><form\n\t\t\t\tid=\"forminator-module-4623\"\n\t\t\t\tclass=\"forminator-ui forminator-custom-form forminator-custom-form-4623 forminator-design--default forminator-enclosed forminator_ajax\"\n\t\t\t\tmethod=\"post\"\n\t\t\t\tdata-forminator-render=\"0\"\n\t\t\t\tdata-form-id=\"4623\"\n\t\t\t\t data-color-option=\"theme\" data-design=\"default\" data-grid=\"enclosed\" style=\"display: none;\"\n\t\t\t\tdata-uid=\"69f9db11dc6ed\"\n\t\t\t><div role=\"alert\" aria-live=\"polite\" class=\"forminator-response-message forminator-error\" aria-hidden=\"true\"><\/div><div class=\"forminator-row\"><div id=\"name-1\" class=\"forminator-field-name forminator-col forminator-col-4 \"><div class=\"forminator-field\"><label for=\"forminator-field-name-1_69f9db11dc6ed\" id=\"forminator-field-name-1_69f9db11dc6ed-label\" class=\"forminator-label\">Nom <span class=\"forminator-required\">*<\/span><\/label><input type=\"text\" name=\"name-1\" value=\"\" placeholder=\"\" id=\"forminator-field-name-1_69f9db11dc6ed\" class=\"forminator-input forminator-name--field\" aria-required=\"true\" autocomplete=\"name\" \/><\/div><\/div><div id=\"name-2\" class=\"forminator-field-name forminator-col forminator-col-4 \"><div class=\"forminator-field\"><label for=\"forminator-field-name-2_69f9db11dc6ed\" id=\"forminator-field-name-2_69f9db11dc6ed-label\" class=\"forminator-label\">Pr\u00e9nom <span class=\"forminator-required\">*<\/span><\/label><input type=\"text\" name=\"name-2\" value=\"\" placeholder=\"\" id=\"forminator-field-name-2_69f9db11dc6ed\" class=\"forminator-input forminator-name--field\" aria-required=\"true\" autocomplete=\"name\" \/><\/div><\/div><div id=\"phone-1\" class=\"forminator-field-phone forminator-col forminator-col-4 \"><div class=\"forminator-field\"><label for=\"forminator-field-phone-1_69f9db11dc6ed\" id=\"forminator-field-phone-1_69f9db11dc6ed-label\" class=\"forminator-label\">T\u00e9l\u00e9phone <span class=\"forminator-required\">*<\/span><\/label><input type=\"text\" name=\"phone-1\" value=\"\" placeholder=\"\" id=\"forminator-field-phone-1_69f9db11dc6ed\" class=\"forminator-input forminator-field--phone\" data-required=\"1\" aria-required=\"true\" autocomplete=\"off\" \/><\/div><\/div><\/div><div class=\"forminator-row\"><div id=\"email-1\" class=\"forminator-field-email forminator-col forminator-col-3 \"><div class=\"forminator-field\"><label for=\"forminator-field-email-1_69f9db11dc6ed\" id=\"forminator-field-email-1_69f9db11dc6ed-label\" class=\"forminator-label\">Email <span class=\"forminator-required\">*<\/span><\/label><input type=\"email\" name=\"email-1\" value=\"\" placeholder=\"\" id=\"forminator-field-email-1_69f9db11dc6ed\" class=\"forminator-input forminator-email--field\" data-required=\"true\" aria-required=\"true\" autocomplete=\"email\" \/><\/div><\/div><div id=\"date-1\" class=\"forminator-field-date forminator-col forminator-col-3 \"><div class=\"forminator-field\"><label for=\"forminator-field-date-1-picker_69f9db11dc6ed\" id=\"forminator-field-date-1-picker_69f9db11dc6ed-label\" class=\"forminator-label\">Date d\u2019arriv\u00e9e <span class=\"forminator-required\">*<\/span><\/label><div class=\"forminator-input-with-icon\"><span class=\"forminator-icon-calendar\" aria-hidden=\"true\"><\/span><input autocomplete=\"off\" type=\"text\" size=\"1\" name=\"date-1\" value=\"05-05-2026\" placeholder=\"\" id=\"forminator-field-date-1-picker_69f9db11dc6ed\" class=\"forminator-input forminator-datepicker\" data-required=\"1\" data-format=\"dd-mm-yy\" data-restrict-type=\"\" data-restrict=\"\" data-start-year=\"2026\" data-end-year=\"2126\" data-past-dates=\"enable\" data-start-of-week=\"1\" data-start-date=\"2026-05-06\" data-end-date=\"\" data-start-field=\"\" data-end-field=\"\" data-start-offset=\"\" data-end-offset=\"\" data-disable-date=\"\" data-disable-range=\"\" \/><\/div><\/div><\/div><div id=\"date-2\" class=\"forminator-field-date forminator-col forminator-col-3 \"><div class=\"forminator-field\"><label for=\"forminator-field-date-2-picker_69f9db11dc6ed\" id=\"forminator-field-date-2-picker_69f9db11dc6ed-label\" class=\"forminator-label\">Date de d\u00e9part <span class=\"forminator-required\">*<\/span><\/label><div class=\"forminator-input-with-icon\"><span class=\"forminator-icon-calendar\" aria-hidden=\"true\"><\/span><input autocomplete=\"off\" type=\"text\" size=\"1\" name=\"date-2\" value=\"\" placeholder=\"\" id=\"forminator-field-date-2-picker_69f9db11dc6ed\" class=\"forminator-input forminator-datepicker\" data-required=\"1\" data-format=\"dd-mm-yy\" data-restrict-type=\"\" data-restrict=\"\" data-start-year=\"1926\" data-end-year=\"2126\" data-past-dates=\"enable\" data-start-of-week=\"1\" data-start-date=\"\" data-end-date=\"\" data-start-field=\"date-1\" data-end-field=\"\" data-start-offset=\"+_1_days\" data-end-offset=\"\" data-disable-date=\"\" data-disable-range=\"\" \/><\/div><\/div><\/div><div id=\"number-1\" class=\"forminator-field-number forminator-col forminator-col-3 \"><div class=\"forminator-field\"><label for=\"forminator-field-number-1_69f9db11dc6ed\" id=\"forminator-field-number-1_69f9db11dc6ed-label\" class=\"forminator-label\">Nombre de personnes <span class=\"forminator-required\">*<\/span><\/label><input name=\"number-1\" value=\"\" placeholder=\"\" id=\"forminator-field-number-1_69f9db11dc6ed\" class=\"forminator-input forminator-number--field\" inputmode=\"decimal\" data-required=\"1\" data-decimals=\"0\" aria-required=\"true\" data-inputmask=\"&#039;groupSeparator&#039;: &#039;&#039;, &#039;radixPoint&#039;: &#039;&#039;, &#039;digits&#039;: &#039;0&#039;\" data-hidden-behavior=\"zero\" type=\"number\" step=\"any\" min=\"1\" max=\"20\" \/><\/div><\/div><\/div><div class=\"forminator-row\"><div id=\"textarea-1\" class=\"forminator-field-textarea forminator-col forminator-col-12 \"><div class=\"forminator-field\"><label for=\"forminator-field-textarea-1_69f9db11dc6ed\" id=\"forminator-field-textarea-1_69f9db11dc6ed-label\" class=\"forminator-label\">Demandes particuli\u00e8res<\/label><span id=\"forminator-field-textarea-1_69f9db11dc6ed-description\" class=\"forminator-description\"><span data-limit=\"180\" data-type=\"characters\" data-editor=\"\">0 \/ 180<\/span><\/span><textarea name=\"textarea-1\" placeholder=\"\" id=\"forminator-field-textarea-1_69f9db11dc6ed\" class=\"forminator-textarea\" rows=\"6\" style=\"min-height:140px;\" maxlength=\"180\" ><\/textarea><\/div><\/div><\/div><div class=\"forminator-row\"><div id=\"consent-1\" class=\"forminator-field-consent forminator-col forminator-col-12 \"><div class=\"forminator-field\"><label for=\"forminator-field-consent-1_69f9db11dc6ed\" id=\"forminator-field-consent-1_69f9db11dc6ed-label\" class=\"forminator-label\">Privacy Policy <span class=\"forminator-required\">*<\/span><\/label><div class=\"forminator-checkbox__wrapper\"><label id=\"forminator-field-consent-1_69f9db11dc6ed__label\" class=\"forminator-checkbox forminator-consent\" aria-labelledby=\"forminator-field-consent-1_69f9db11dc6ed-label\"><input type=\"checkbox\" name=\"consent-1\" id=\"forminator-field-consent-1_69f9db11dc6ed\" value=\"checked\" aria-labelledby=\"forminator-field-consent-1_69f9db11dc6ed-label\" aria-describedby=\"forminator-field-consent-1_69f9db11dc6ed__description\" data-required=\"true\" aria-required=\"true\" \/><span class=\"forminator-checkbox-box\" aria-hidden=\"true\"><\/span><\/label><div id=\"forminator-field-consent-1_69f9db11dc6ed__description\" class=\"forminator-checkbox__label forminator-consent__label\"><p style=\"font-size: 14px;line-height: 1.4em\">Je consens au traitement de mes donn\u00e9es personnelles conform\u00e9ment \u00e0 l'article 13 du r\u00e8glement (UE) 2016\/679 et \u00e9galement aux communications commerciales et informatives concernant les \u00e9v\u00e9nements, les produits et les services de portoverdehouseboat.it. <a href=\"\/privacy-policy\/\">Lisez les informations<\/a>.<\/p><\/div><\/div><\/div><\/div><\/div><div class=\"forminator-row\"><div id=\"consent-2\" class=\"forminator-field-consent forminator-col forminator-col-12 \"><div class=\"forminator-field\"><label for=\"forminator-field-consent-2_69f9db11dc6ed\" id=\"forminator-field-consent-2_69f9db11dc6ed-label\" class=\"forminator-label\">Newsletter<\/label><div class=\"forminator-checkbox__wrapper\"><label id=\"forminator-field-consent-2_69f9db11dc6ed__label\" class=\"forminator-checkbox forminator-consent\" aria-labelledby=\"forminator-field-consent-2_69f9db11dc6ed-label\"><input type=\"checkbox\" name=\"consent-2\" id=\"forminator-field-consent-2_69f9db11dc6ed\" value=\"checked\" aria-labelledby=\"forminator-field-consent-2_69f9db11dc6ed-label\" aria-describedby=\"forminator-field-consent-2_69f9db11dc6ed__description\" data-required=\"false\" aria-required=\"false\" \/><span class=\"forminator-checkbox-box\" aria-hidden=\"true\"><\/span><\/label><div id=\"forminator-field-consent-2_69f9db11dc6ed__description\" class=\"forminator-checkbox__label forminator-consent__label\"><p style=\"font-size: 14px;line-height: 1.4em\">Inscrivez-moi \u00e0 la newsletter (Traitement des donn\u00e9es \u00e0 des fins commerciales et promotionnelles)<\/p><\/div><\/div><\/div><\/div><\/div><div class=\"forminator-row\"><div id=\"captcha-1\" class=\"forminator-field-captcha forminator-col forminator-col-12 \"><div class=\"forminator-captcha-left forminator-g-recaptcha recaptcha-invisible\" data-theme=\"light\" data-badge=\"bottomright\" data-sitekey=\"6LdcYEssAAAAACpqO5FTLM9A8nyIT15q24sTy9Vd\" data-size=\"invisible\"><\/div> <\/div><\/div><input type=\"hidden\" name=\"referer_url\" value=\"\" \/><div class=\"forminator-row forminator-row-last\"><div class=\"forminator-col\"><div class=\"forminator-field\"><button class=\"forminator-button forminator-button-submit\">ENVOYER<\/button><\/div><\/div><\/div><input type=\"hidden\" id=\"forminator_nonce\" name=\"forminator_nonce\" value=\"8a0250e65e\" \/><input type=\"hidden\" name=\"_wp_http_referer\" value=\"\/fr\/wp-json\/wp\/v2\/pages\/3618\" \/><input type=\"hidden\" name=\"form_id\" value=\"4623\"><input type=\"hidden\" name=\"page_id\" value=\"3618\"><input type=\"hidden\" name=\"form_type\" value=\"default\"><input type=\"hidden\" name=\"current_url\" value=\"https:\/\/www.portoverdehouseboat.it\/fr\/offres\/\"><input type=\"hidden\" name=\"render_id\" value=\"0\"><input type=\"hidden\" name=\"action\" value=\"forminator_submit_form_custom-forms\"><\/form>[\/vc_column_text][cms_space space_lg=&#8221;45&#8243; space_md=&#8221;30&#8243; space_sm=&#8221;30&#8243; space_xs=&#8221;20&#8243;][\/vc_column][\/vc_row]<\/p>\n<\/div>","protected":false},"excerpt":{"rendered":"<p>[vc_row][vc_column css=&#8221;.vc_custom_1543068395983{padding-top: 0px !important;}&#8221;][cms_space space_lg=&#8221;65&#8243; space_md=&#8221;65&#8243; space_sm=&#8221;45&#8243; space_xs=&#8221;30&#8243;][cms_blog_carousel img_size=&#8221;800&#215;541&#8243; col_xs=&#8221;1&#8243; col_sm=&#8221;2&#8243; col_md=&#8221;2&#8243; col_lg=&#8221;2&#8243; loop=&#8221;true&#8221; arrows=&#8221;true&#8221; bullets=&#8221;true&#8221; cms_template=&#8221;cms_blog_carousel&#8211;layout3.php&#8221;][\/vc_column][\/vc_row][vc_row full_width=&#8221;stretch_row&#8221;][vc_column css=&#8221;.vc_custom_1543068825323{padding-top: 0px !important;}&#8221;][cms_space space_lg=&#8221;50&#8243; space_md=&#8221;30&#8243; space_sm=&#8221;30&#8243; space_xs=&#8221;20&#8243;][cms_heading text=&#8221;DEMANDER DES INFORMATIONS&#8221; align_lg=&#8221;align-center&#8221; align_md=&#8221;align-center-md&#8221; align_sm=&#8221;align-center-sm&#8221; align_xs=&#8221;align-center-xs&#8221; font_size=&#8221;51px&#8221; font_size_md=&#8221;41px&#8221; font_size_sm=&#8221;30px&#8221; font_size_xs=&#8221;30px&#8221; line_height=&#8221;40px&#8221; line_height_md=&#8221;30px&#8221; line_height_sm=&#8221;20px&#8221; line_height_xs=&#8221;20px&#8221; text_transform=&#8221;uppercase&#8221; letter_spacing=&#8221;0.05em&#8221; text_color=&#8221;#c5a56a&#8221; sub_font_size=&#8221;25px&#8221; sub_color=&#8221;#000000&#8243; sub_text_transform=&#8221;uppercase&#8221; cms_template=&#8221;cms_heading.php&#8221; animation=&#8221;fadeInUp&#8221;][cms_space space_lg=&#8221;30&#8243; space_md=&#8221;30&#8243; space_sm=&#8221;30&#8243; space_xs=&#8221;20&#8243;][vc_column_text css=&#8221;&#8221;][\/vc_column_text][cms_space space_lg=&#8221;45&#8243; space_md=&#8221;30&#8243; [&hellip;]<\/p>\n","protected":false},"author":2,"featured_media":0,"parent":0,"menu_order":0,"comment_status":"closed","ping_status":"closed","template":"","meta":{"footnotes":""},"class_list":["post-3618","page","type-page","status-publish","hentry"],"yoast_head":"<!-- This site is optimized with the Yoast SEO plugin v27.5 - https:\/\/yoast.com\/product\/yoast-seo-wordpress\/ -->\n<title>Offres House-boats, s\u00e9jours \u00e0 la mer en maisons flottantes Portoverde<\/title>\n<meta name=\"description\" content=\"Offres House-boats, s\u00e9jours \u00e0 la mer en maisons flottantes, Misano. Vacances Portoverde Luxury Houseboat, une exp\u00e9rience unique avec offres sp\u00e9ciales.\" \/>\n<meta name=\"robots\" content=\"index, follow, max-snippet:-1, max-image-preview:large, max-video-preview:-1\" \/>\n<link rel=\"canonical\" href=\"https:\/\/www.portoverdehouseboat.it\/fr\/offres\/\" \/>\n<meta property=\"og:locale\" content=\"fr_FR\" \/>\n<meta property=\"og:type\" content=\"article\" \/>\n<meta property=\"og:title\" content=\"Offres House-boats, s\u00e9jours \u00e0 la mer en maisons flottantes Portoverde\" \/>\n<meta property=\"og:description\" content=\"Offres House-boats, s\u00e9jours \u00e0 la mer en maisons flottantes, Misano. Vacances Portoverde Luxury Houseboat, une exp\u00e9rience unique avec offres sp\u00e9ciales.\" \/>\n<meta property=\"og:url\" content=\"https:\/\/www.portoverdehouseboat.it\/fr\/offres\/\" \/>\n<meta property=\"og:site_name\" content=\"Portoverde Luxury Houseboat\" \/>\n<meta property=\"article:publisher\" content=\"https:\/\/www.facebook.com\/portoverdehouseboat\/\" \/>\n<meta property=\"article:modified_time\" content=\"2026-01-15T12:58:34+00:00\" \/>\n<meta name=\"twitter:card\" content=\"summary_large_image\" \/>\n<meta name=\"twitter:label1\" content=\"Dur\u00e9e de lecture estim\u00e9e\" \/>\n\t<meta name=\"twitter:data1\" content=\"1 minute\" \/>\n<script type=\"application\/ld+json\" class=\"yoast-schema-graph\">{\"@context\":\"https:\\\/\\\/schema.org\",\"@graph\":[{\"@type\":\"WebPage\",\"@id\":\"https:\\\/\\\/www.portoverdehouseboat.it\\\/fr\\\/offres\\\/\",\"url\":\"https:\\\/\\\/www.portoverdehouseboat.it\\\/fr\\\/offres\\\/\",\"name\":\"Offres House-boats, s\u00e9jours \u00e0 la mer en maisons flottantes Portoverde\",\"isPartOf\":{\"@id\":\"https:\\\/\\\/www.portoverdehouseboat.it\\\/#website\"},\"datePublished\":\"2019-03-20T12:53:57+00:00\",\"dateModified\":\"2026-01-15T12:58:34+00:00\",\"description\":\"Offres House-boats, s\u00e9jours \u00e0 la mer en maisons flottantes, Misano. Vacances Portoverde Luxury Houseboat, une exp\u00e9rience unique avec offres sp\u00e9ciales.\",\"breadcrumb\":{\"@id\":\"https:\\\/\\\/www.portoverdehouseboat.it\\\/fr\\\/offres\\\/#breadcrumb\"},\"inLanguage\":\"fr-FR\",\"potentialAction\":[{\"@type\":\"ReadAction\",\"target\":[\"https:\\\/\\\/www.portoverdehouseboat.it\\\/fr\\\/offres\\\/\"]}]},{\"@type\":\"BreadcrumbList\",\"@id\":\"https:\\\/\\\/www.portoverdehouseboat.it\\\/fr\\\/offres\\\/#breadcrumb\",\"itemListElement\":[{\"@type\":\"ListItem\",\"position\":1,\"name\":\"Home\",\"item\":\"https:\\\/\\\/www.portoverdehouseboat.it\\\/fr\\\/\"},{\"@type\":\"ListItem\",\"position\":2,\"name\":\"OFFRES\"}]},{\"@type\":\"WebSite\",\"@id\":\"https:\\\/\\\/www.portoverdehouseboat.it\\\/#website\",\"url\":\"https:\\\/\\\/www.portoverdehouseboat.it\\\/\",\"name\":\"Portoverde Luxury Houseboat\",\"description\":\"Vivi il mare come mai prima d&#039;ora\",\"publisher\":{\"@id\":\"https:\\\/\\\/www.portoverdehouseboat.it\\\/#organization\"},\"potentialAction\":[{\"@type\":\"SearchAction\",\"target\":{\"@type\":\"EntryPoint\",\"urlTemplate\":\"https:\\\/\\\/www.portoverdehouseboat.it\\\/?s={search_term_string}\"},\"query-input\":{\"@type\":\"PropertyValueSpecification\",\"valueRequired\":true,\"valueName\":\"search_term_string\"}}],\"inLanguage\":\"fr-FR\"},{\"@type\":\"Organization\",\"@id\":\"https:\\\/\\\/www.portoverdehouseboat.it\\\/#organization\",\"name\":\"Portoverde Luxury Houseboat\",\"url\":\"https:\\\/\\\/www.portoverdehouseboat.it\\\/\",\"logo\":{\"@type\":\"ImageObject\",\"inLanguage\":\"fr-FR\",\"@id\":\"https:\\\/\\\/www.portoverdehouseboat.it\\\/#\\\/schema\\\/logo\\\/image\\\/\",\"url\":\"https:\\\/\\\/www.portoverdehouseboat.it\\\/wp-content\\\/uploads\\\/2019\\\/02\\\/logo.png\",\"contentUrl\":\"https:\\\/\\\/www.portoverdehouseboat.it\\\/wp-content\\\/uploads\\\/2019\\\/02\\\/logo.png\",\"width\":205,\"height\":72,\"caption\":\"Portoverde Luxury Houseboat\"},\"image\":{\"@id\":\"https:\\\/\\\/www.portoverdehouseboat.it\\\/#\\\/schema\\\/logo\\\/image\\\/\"},\"sameAs\":[\"https:\\\/\\\/www.facebook.com\\\/portoverdehouseboat\\\/\",\"https:\\\/\\\/www.instagram.com\\\/portoverderesort\\\/\"]}]}<\/script>\n<!-- \/ Yoast SEO plugin. -->","yoast_head_json":{"title":"Offres House-boats, s\u00e9jours \u00e0 la mer en maisons flottantes Portoverde","description":"Offres House-boats, s\u00e9jours \u00e0 la mer en maisons flottantes, Misano. Vacances Portoverde Luxury Houseboat, une exp\u00e9rience unique avec offres sp\u00e9ciales.","robots":{"index":"index","follow":"follow","max-snippet":"max-snippet:-1","max-image-preview":"max-image-preview:large","max-video-preview":"max-video-preview:-1"},"canonical":"https:\/\/www.portoverdehouseboat.it\/fr\/offres\/","og_locale":"fr_FR","og_type":"article","og_title":"Offres House-boats, s\u00e9jours \u00e0 la mer en maisons flottantes Portoverde","og_description":"Offres House-boats, s\u00e9jours \u00e0 la mer en maisons flottantes, Misano. Vacances Portoverde Luxury Houseboat, une exp\u00e9rience unique avec offres sp\u00e9ciales.","og_url":"https:\/\/www.portoverdehouseboat.it\/fr\/offres\/","og_site_name":"Portoverde Luxury Houseboat","article_publisher":"https:\/\/www.facebook.com\/portoverdehouseboat\/","article_modified_time":"2026-01-15T12:58:34+00:00","twitter_card":"summary_large_image","twitter_misc":{"Dur\u00e9e de lecture estim\u00e9e":"1 minute"},"schema":{"@context":"https:\/\/schema.org","@graph":[{"@type":"WebPage","@id":"https:\/\/www.portoverdehouseboat.it\/fr\/offres\/","url":"https:\/\/www.portoverdehouseboat.it\/fr\/offres\/","name":"Offres House-boats, s\u00e9jours \u00e0 la mer en maisons flottantes Portoverde","isPartOf":{"@id":"https:\/\/www.portoverdehouseboat.it\/#website"},"datePublished":"2019-03-20T12:53:57+00:00","dateModified":"2026-01-15T12:58:34+00:00","description":"Offres House-boats, s\u00e9jours \u00e0 la mer en maisons flottantes, Misano. Vacances Portoverde Luxury Houseboat, une exp\u00e9rience unique avec offres sp\u00e9ciales.","breadcrumb":{"@id":"https:\/\/www.portoverdehouseboat.it\/fr\/offres\/#breadcrumb"},"inLanguage":"fr-FR","potentialAction":[{"@type":"ReadAction","target":["https:\/\/www.portoverdehouseboat.it\/fr\/offres\/"]}]},{"@type":"BreadcrumbList","@id":"https:\/\/www.portoverdehouseboat.it\/fr\/offres\/#breadcrumb","itemListElement":[{"@type":"ListItem","position":1,"name":"Home","item":"https:\/\/www.portoverdehouseboat.it\/fr\/"},{"@type":"ListItem","position":2,"name":"OFFRES"}]},{"@type":"WebSite","@id":"https:\/\/www.portoverdehouseboat.it\/#website","url":"https:\/\/www.portoverdehouseboat.it\/","name":"Portoverde Luxury Houseboat","description":"Vivi il mare come mai prima d&#039;ora","publisher":{"@id":"https:\/\/www.portoverdehouseboat.it\/#organization"},"potentialAction":[{"@type":"SearchAction","target":{"@type":"EntryPoint","urlTemplate":"https:\/\/www.portoverdehouseboat.it\/?s={search_term_string}"},"query-input":{"@type":"PropertyValueSpecification","valueRequired":true,"valueName":"search_term_string"}}],"inLanguage":"fr-FR"},{"@type":"Organization","@id":"https:\/\/www.portoverdehouseboat.it\/#organization","name":"Portoverde Luxury Houseboat","url":"https:\/\/www.portoverdehouseboat.it\/","logo":{"@type":"ImageObject","inLanguage":"fr-FR","@id":"https:\/\/www.portoverdehouseboat.it\/#\/schema\/logo\/image\/","url":"https:\/\/www.portoverdehouseboat.it\/wp-content\/uploads\/2019\/02\/logo.png","contentUrl":"https:\/\/www.portoverdehouseboat.it\/wp-content\/uploads\/2019\/02\/logo.png","width":205,"height":72,"caption":"Portoverde Luxury Houseboat"},"image":{"@id":"https:\/\/www.portoverdehouseboat.it\/#\/schema\/logo\/image\/"},"sameAs":["https:\/\/www.facebook.com\/portoverdehouseboat\/","https:\/\/www.instagram.com\/portoverderesort\/"]}]}},"_links":{"self":[{"href":"https:\/\/www.portoverdehouseboat.it\/fr\/wp-json\/wp\/v2\/pages\/3618","targetHints":{"allow":["GET"]}}],"collection":[{"href":"https:\/\/www.portoverdehouseboat.it\/fr\/wp-json\/wp\/v2\/pages"}],"about":[{"href":"https:\/\/www.portoverdehouseboat.it\/fr\/wp-json\/wp\/v2\/types\/page"}],"author":[{"embeddable":true,"href":"https:\/\/www.portoverdehouseboat.it\/fr\/wp-json\/wp\/v2\/users\/2"}],"replies":[{"embeddable":true,"href":"https:\/\/www.portoverdehouseboat.it\/fr\/wp-json\/wp\/v2\/comments?post=3618"}],"version-history":[{"count":5,"href":"https:\/\/www.portoverdehouseboat.it\/fr\/wp-json\/wp\/v2\/pages\/3618\/revisions"}],"predecessor-version":[{"id":4669,"href":"https:\/\/www.portoverdehouseboat.it\/fr\/wp-json\/wp\/v2\/pages\/3618\/revisions\/4669"}],"wp:attachment":[{"href":"https:\/\/www.portoverdehouseboat.it\/fr\/wp-json\/wp\/v2\/media?parent=3618"}],"curies":[{"name":"wp","href":"https:\/\/api.w.org\/{rel}","templated":true}]}}